{"id":7,"date":"2021-01-12T14:57:45","date_gmt":"2021-01-12T14:57:45","guid":{"rendered":"https:\/\/stokkaentreprise.no\/wp1\/?page_id=7"},"modified":"2021-02-26T07:35:41","modified_gmt":"2021-02-26T07:35:41","slug":"about","status":"publish","type":"page","link":"https:\/\/stokkaentreprise.no\/wp1\/about\/","title":{"rendered":"Om firmaet"},"content":{"rendered":"\t\t<div data-elementor-type=\"wp-page\" data-elementor-id=\"7\" class=\"elementor elementor-7\">\n\t\t\t\t\t\t<div class=\"elementor-inner\">\n\t\t\t\t<div class=\"elementor-section-wrap\">\n\t\t\t\t\t\t\t\t\t<section class=\"elementor-section elementor-top-section elementor-element elementor-element-442ed4bc elementor-section-boxed elementor-section-height-default elementor-section-height-default\" data-id=\"442ed4bc\" data-element_type=\"section\">\n\t\t\t\t\t\t<div class=\"elementor-container elementor-column-gap-default\">\n\t\t\t\t\t\t\t<div class=\"elementor-row\">\n\t\t\t\t\t<div class=\"elementor-column elementor-col-100 elementor-top-column elementor-element elementor-element-7933523\" data-id=\"7933523\" data-element_type=\"column\">\n\t\t\t<div class=\"elementor-column-wrap elementor-element-populated\">\n\t\t\t\t\t\t\t<div class=\"elementor-widget-wrap\">\n\t\t\t\t\t\t<div class=\"elementor-element elementor-element-35dc534a elementor-widget elementor-widget-text-editor\" data-id=\"35dc534a\" data-element_type=\"widget\" data-widget_type=\"text-editor.default\">\n\t\t\t\t<div class=\"elementor-widget-container\">\n\t\t\t\t\t\t\t\t<div class=\"elementor-text-editor elementor-clearfix\">\n\t\t\t\t<p><span style=\"color: #ffffff;\">Stokka Entreprise AS er en del av Stokka Investment Group og har siden 2016 levert mange vellykkede prosjekter og konsulentoppdrag til flere forn\u00f8yde kunder.&nbsp; Med allsidig erfaring innen retail og byggebransjen kan firmaet by p\u00e5 et bredt spekter av ulike produkter og tjenester fra en rekke ledende akt\u00f8rer i markedet.&nbsp; Vi har gjennom de siste \u00e5rene levert b\u00e5de total entrepriser og delentrepriser som en del av prosjektgjennomf\u00f8ringen.&nbsp; Firmaet holder til i trivelige lokaler i B\u00e6rums Verk.&nbsp;&nbsp;<\/span><\/p>\t\t\t\t\t<\/div>\n\t\t\t\t\t\t<\/div>\n\t\t\t\t<\/div>\n\t\t\t\t\t\t<\/div>\n\t\t\t\t\t<\/div>\n\t\t<\/div>\n\t\t\t\t\t\t\t\t<\/div>\n\t\t\t\t\t<\/div>\n\t\t<\/section>\n\t\t\t\t<section class=\"elementor-section elementor-top-section elementor-element elementor-element-eaa237d elementor-section-boxed elementor-section-height-default elementor-section-height-default\" data-id=\"eaa237d\" data-element_type=\"section\">\n\t\t\t\t\t\t<div class=\"elementor-container elementor-column-gap-default\">\n\t\t\t\t\t\t\t<div class=\"elementor-row\">\n\t\t\t\t\t<div class=\"elementor-column elementor-col-100 elementor-top-column elementor-element elementor-element-096fb01\" data-id=\"096fb01\" data-element_type=\"column\">\n\t\t\t<div class=\"elementor-column-wrap elementor-element-populated\">\n\t\t\t\t\t\t\t<div class=\"elementor-widget-wrap\">\n\t\t\t\t\t\t<div class=\"elementor-element elementor-element-e4dd6c0 elementor-widget elementor-widget-spacer\" data-id=\"e4dd6c0\" data-element_type=\"widget\" data-widget_type=\"spacer.default\">\n\t\t\t\t<div class=\"elementor-widget-container\">\n\t\t\t\t\t<div class=\"elementor-spacer\">\n\t\t\t<div class=\"elementor-spacer-inner\"><\/div>\n\t\t<\/div>\n\t\t\t\t<\/div>\n\t\t\t\t<\/div>\n\t\t\t\t\t\t<\/div>\n\t\t\t\t\t<\/div>\n\t\t<\/div>\n\t\t\t\t\t\t\t\t<\/div>\n\t\t\t\t\t<\/div>\n\t\t<\/section>\n\t\t\t\t<section class=\"elementor-section elementor-top-section elementor-element elementor-element-19a6193 elementor-section-boxed elementor-section-height-default elementor-section-height-default\" data-id=\"19a6193\" data-element_type=\"section\">\n\t\t\t\t\t\t<div class=\"elementor-container elementor-column-gap-default\">\n\t\t\t\t\t\t\t<div class=\"elementor-row\">\n\t\t\t\t\t<div class=\"elementor-column elementor-col-100 elementor-top-column elementor-element elementor-element-bc1f3e6\" data-id=\"bc1f3e6\" data-element_type=\"column\">\n\t\t\t<div class=\"elementor-column-wrap elementor-element-populated\">\n\t\t\t\t\t\t\t<div class=\"elementor-widget-wrap\">\n\t\t\t\t\t\t<div class=\"elementor-element elementor-element-c8b616d elementor-view-default elementor-widget elementor-widget-icon\" data-id=\"c8b616d\" data-element_type=\"widget\" data-widget_type=\"icon.default\">\n\t\t\t\t<div class=\"elementor-widget-container\">\n\t\t\t\t\t<div class=\"elementor-icon-wrapper\">\n\t\t\t<div class=\"elementor-icon\">\n\t\t\t<i aria-hidden=\"true\" class=\"fab fa-atlassian\"><\/i>\t\t\t<\/div>\n\t\t<\/div>\n\t\t\t\t<\/div>\n\t\t\t\t<\/div>\n\t\t\t\t\t\t<\/div>\n\t\t\t\t\t<\/div>\n\t\t<\/div>\n\t\t\t\t\t\t\t\t<\/div>\n\t\t\t\t\t<\/div>\n\t\t<\/section>\n\t\t\t\t<section class=\"elementor-section elementor-top-section elementor-element elementor-element-56f8917 elementor-section-boxed elementor-section-height-default elementor-section-height-default\" data-id=\"56f8917\" data-element_type=\"section\">\n\t\t\t\t\t\t<div class=\"elementor-container elementor-column-gap-default\">\n\t\t\t\t\t\t\t<div class=\"elementor-row\">\n\t\t\t\t\t<div class=\"elementor-column elementor-col-100 elementor-top-column elementor-element elementor-element-b300c80\" data-id=\"b300c80\" data-element_type=\"column\">\n\t\t\t<div class=\"elementor-column-wrap elementor-element-populated\">\n\t\t\t\t\t\t\t<div class=\"elementor-widget-wrap\">\n\t\t\t\t\t\t<div class=\"elementor-element elementor-element-ca998c5 elementor-widget elementor-widget-spacer\" data-id=\"ca998c5\" data-element_type=\"widget\" data-widget_type=\"spacer.default\">\n\t\t\t\t<div class=\"elementor-widget-container\">\n\t\t\t\t\t<div class=\"elementor-spacer\">\n\t\t\t<div class=\"elementor-spacer-inner\"><\/div>\n\t\t<\/div>\n\t\t\t\t<\/div>\n\t\t\t\t<\/div>\n\t\t\t\t\t\t<\/div>\n\t\t\t\t\t<\/div>\n\t\t<\/div>\n\t\t\t\t\t\t\t\t<\/div>\n\t\t\t\t\t<\/div>\n\t\t<\/section>\n\t\t\t\t<section class=\"elementor-section elementor-top-section elementor-element elementor-element-e16c75d elementor-section-boxed elementor-section-height-default elementor-section-height-default\" data-id=\"e16c75d\" data-element_type=\"section\">\n\t\t\t\t\t\t<div class=\"elementor-container elementor-column-gap-default\">\n\t\t\t\t\t\t\t<div class=\"elementor-row\">\n\t\t\t\t\t<div class=\"elementor-column elementor-col-100 elementor-top-column elementor-element elementor-element-ab3ed9b\" data-id=\"ab3ed9b\" data-element_type=\"column\">\n\t\t\t<div class=\"elementor-column-wrap elementor-element-populated\">\n\t\t\t\t\t\t\t<div class=\"elementor-widget-wrap\">\n\t\t\t\t\t\t<div class=\"elementor-element elementor-element-3bb72ee elementor-widget elementor-widget-image\" data-id=\"3bb72ee\" data-element_type=\"widget\" data-widget_type=\"image.default\">\n\t\t\t\t<div class=\"elementor-widget-container\">\n\t\t\t\t\t\t\t\t<div class=\"elementor-image\">\n\t\t\t\t\t\t\t\t\t\t\t\t<img loading=\"lazy\" decoding=\"async\" width=\"300\" height=\"233\" src=\"https:\/\/stokkaentreprise.no\/wp1\/wp-content\/uploads\/2021\/01\/architectural-designs-300x233.jpg\" class=\"attachment-medium size-medium\" alt=\"\" srcset=\"https:\/\/stokkaentreprise.no\/wp1\/wp-content\/uploads\/2021\/01\/architectural-designs-300x233.jpg 300w, https:\/\/stokkaentreprise.no\/wp1\/wp-content\/uploads\/2021\/01\/architectural-designs.jpg 354w\" sizes=\"auto, (max-width: 300px) 100vw, 300px\" \/>\t\t\t\t\t\t\t\t\t\t\t\t\t\t<\/div>\n\t\t\t\t\t\t<\/div>\n\t\t\t\t<\/div>\n\t\t\t\t\t\t<\/div>\n\t\t\t\t\t<\/div>\n\t\t<\/div>\n\t\t\t\t\t\t\t\t<\/div>\n\t\t\t\t\t<\/div>\n\t\t<\/section>\n\t\t\t\t\t\t\t\t\t<\/div>\n\t\t\t<\/div>\n\t\t\t\t\t<\/div>\n\t\t","protected":false},"excerpt":{"rendered":"<p>Stokka Entreprise AS er en del av Stokka Investment Group og har siden 2016 levert mange vellykkede prosjekter og konsulentoppdrag<\/p>\n<p><a href=\"https:\/\/stokkaentreprise.no\/wp1\/about\/\" class=\"more-link\">Continue reading<span class=\"screen-reader-text\">Om firmaet<\/span><\/a><\/p>\n","protected":false},"author":1,"featured_media":0,"parent":0,"menu_order":0,"comment_status":"closed","ping_status":"closed","template":"","meta":{"footnotes":""},"class_list":["post-7","page","type-page","status-publish","hentry"],"_links":{"self":[{"href":"https:\/\/stokkaentreprise.no\/wp1\/wp-json\/wp\/v2\/pages\/7","targetHints":{"allow":["GET"]}}],"collection":[{"href":"https:\/\/stokkaentreprise.no\/wp1\/wp-json\/wp\/v2\/pages"}],"about":[{"href":"https:\/\/stokkaentreprise.no\/wp1\/wp-json\/wp\/v2\/types\/page"}],"author":[{"embeddable":true,"href":"https:\/\/stokkaentreprise.no\/wp1\/wp-json\/wp\/v2\/users\/1"}],"replies":[{"embeddable":true,"href":"https:\/\/stokkaentreprise.no\/wp1\/wp-json\/wp\/v2\/comments?post=7"}],"version-history":[{"count":44,"href":"https:\/\/stokkaentreprise.no\/wp1\/wp-json\/wp\/v2\/pages\/7\/revisions"}],"predecessor-version":[{"id":336,"href":"https:\/\/stokkaentreprise.no\/wp1\/wp-json\/wp\/v2\/pages\/7\/revisions\/336"}],"wp:attachment":[{"href":"https:\/\/stokkaentreprise.no\/wp1\/wp-json\/wp\/v2\/media?parent=7"}],"curies":[{"name":"wp","href":"https:\/\/api.w.org\/{rel}","templated":true}]}}