{"id":654,"date":"2021-04-22T18:30:26","date_gmt":"2021-04-22T18:30:26","guid":{"rendered":"https:\/\/stokkaentreprise.no\/wp1\/?page_id=654"},"modified":"2024-05-22T10:14:47","modified_gmt":"2024-05-22T10:14:47","slug":"kvalitet","status":"publish","type":"page","link":"https:\/\/stokkaentreprise.no\/wp1\/kvalitet\/","title":{"rendered":"Kvalitet &#038; Milj\u00f8"},"content":{"rendered":"\t\t<div data-elementor-type=\"wp-page\" data-elementor-id=\"654\" class=\"elementor elementor-654\">\n\t\t\t\t\t\t<div class=\"elementor-inner\">\n\t\t\t\t<div class=\"elementor-section-wrap\">\n\t\t\t\t\t\t\t\t\t<section class=\"elementor-section elementor-top-section elementor-element elementor-element-90deb3c elementor-section-boxed elementor-section-height-default elementor-section-height-default\" data-id=\"90deb3c\" data-element_type=\"section\">\n\t\t\t\t\t\t<div class=\"elementor-container elementor-column-gap-default\">\n\t\t\t\t\t\t\t<div class=\"elementor-row\">\n\t\t\t\t\t<div class=\"elementor-column elementor-col-100 elementor-top-column elementor-element elementor-element-e8c4eb0\" data-id=\"e8c4eb0\" data-element_type=\"column\">\n\t\t\t<div class=\"elementor-column-wrap elementor-element-populated\">\n\t\t\t\t\t\t\t<div class=\"elementor-widget-wrap\">\n\t\t\t\t\t\t<div class=\"elementor-element elementor-element-4d58f06 elementor-widget elementor-widget-text-editor\" data-id=\"4d58f06\" data-element_type=\"widget\" data-widget_type=\"text-editor.default\">\n\t\t\t\t<div class=\"elementor-widget-container\">\n\t\t\t\t\t\t\t\t<div class=\"elementor-text-editor elementor-clearfix\">\n\t\t\t\t<p><span style=\"color: #ffffff;\">Sikkerhet og milj\u00f8 er sentralt i v\u00e5r prosjektgjennomf\u00f8ring.&nbsp; Kundene skal v\u00e6re sikre p\u00e5 at gjennomf\u00f8ring skjer p\u00e5 en milj\u00f8messig og fornuftig m\u00e5te og at deres rykte og varemerke blir ivaretatt til enhver tid.&nbsp; Vi har blant annet fokus p\u00e5 ryddighet p\u00e5 arbeidsplassen og minimalisering av st\u00f8y for omgivelsene.&nbsp; Avfallsh\u00e5ndtering blir prioritert under hele byggeprosessen.&nbsp; Alle involverte arbeidere skal dessuten ha byggekort godkjent av arbeidstilsynet.&nbsp; Arbeidene skal ogs\u00e5 v\u00e6re dokumentert iht. norsk lov og riktige HMS krav.&nbsp; Ansvarsrett og sertifiseringer innen byggfaget kontraktfestet gjennom samarbeidspartnere og utf\u00f8rende fag.&nbsp; Alle v\u00e5re&nbsp; samarbeidspartnerne har de n\u00f8dvendige godkjenninger for oppsett av bygg iht. plan &amp; bygningsloven.&nbsp;&nbsp;&nbsp;&nbsp;&nbsp;<\/span><\/p>\t\t\t\t\t<\/div>\n\t\t\t\t\t\t<\/div>\n\t\t\t\t<\/div>\n\t\t\t\t\t\t<\/div>\n\t\t\t\t\t<\/div>\n\t\t<\/div>\n\t\t\t\t\t\t\t\t<\/div>\n\t\t\t\t\t<\/div>\n\t\t<\/section>\n\t\t\t\t<section class=\"elementor-section elementor-top-section elementor-element elementor-element-bc6268b elementor-section-boxed elementor-section-height-default elementor-section-height-default\" data-id=\"bc6268b\" data-element_type=\"section\">\n\t\t\t\t\t\t<div class=\"elementor-container elementor-column-gap-default\">\n\t\t\t\t\t\t\t<div class=\"elementor-row\">\n\t\t\t\t\t<div class=\"elementor-column elementor-col-100 elementor-top-column elementor-element elementor-element-e45c8f9\" data-id=\"e45c8f9\" data-element_type=\"column\">\n\t\t\t<div class=\"elementor-column-wrap elementor-element-populated\">\n\t\t\t\t\t\t\t<div class=\"elementor-widget-wrap\">\n\t\t\t\t\t\t<div class=\"elementor-element elementor-element-13da349 elementor-widget elementor-widget-image\" data-id=\"13da349\" data-element_type=\"widget\" data-widget_type=\"image.default\">\n\t\t\t\t<div class=\"elementor-widget-container\">\n\t\t\t\t\t\t\t\t<div class=\"elementor-image\">\n\t\t\t\t\t\t\t\t\t\t\t\t<img loading=\"lazy\" decoding=\"async\" width=\"722\" height=\"250\" src=\"https:\/\/stokkaentreprise.no\/wp1\/wp-content\/uploads\/2021\/04\/Bilde1.jpg\" class=\"attachment-large size-large\" alt=\"\" srcset=\"https:\/\/stokkaentreprise.no\/wp1\/wp-content\/uploads\/2021\/04\/Bilde1.jpg 722w, https:\/\/stokkaentreprise.no\/wp1\/wp-content\/uploads\/2021\/04\/Bilde1-300x104.jpg 300w\" sizes=\"auto, (max-width: 722px) 100vw, 722px\" \/>\t\t\t\t\t\t\t\t\t\t\t\t\t\t<\/div>\n\t\t\t\t\t\t<\/div>\n\t\t\t\t<\/div>\n\t\t\t\t\t\t<\/div>\n\t\t\t\t\t<\/div>\n\t\t<\/div>\n\t\t\t\t\t\t\t\t<\/div>\n\t\t\t\t\t<\/div>\n\t\t<\/section>\n\t\t\t\t\t\t\t\t\t<\/div>\n\t\t\t<\/div>\n\t\t\t\t\t<\/div>\n\t\t","protected":false},"excerpt":{"rendered":"<p>Sikkerhet og milj\u00f8 er sentralt i v\u00e5r prosjektgjennomf\u00f8ring.&nbsp; Kundene skal v\u00e6re sikre p\u00e5 at gjennomf\u00f8ring skjer p\u00e5 en milj\u00f8messig og<\/p>\n<p><a href=\"https:\/\/stokkaentreprise.no\/wp1\/kvalitet\/\" class=\"more-link\">Continue reading<span class=\"screen-reader-text\">Kvalitet &#038; Milj\u00f8<\/span><\/a><\/p>\n","protected":false},"author":1,"featured_media":0,"parent":0,"menu_order":0,"comment_status":"closed","ping_status":"closed","template":"","meta":{"footnotes":""},"class_list":["post-654","page","type-page","status-publish","hentry"],"_links":{"self":[{"href":"https:\/\/stokkaentreprise.no\/wp1\/wp-json\/wp\/v2\/pages\/654","targetHints":{"allow":["GET"]}}],"collection":[{"href":"https:\/\/stokkaentreprise.no\/wp1\/wp-json\/wp\/v2\/pages"}],"about":[{"href":"https:\/\/stokkaentreprise.no\/wp1\/wp-json\/wp\/v2\/types\/page"}],"author":[{"embeddable":true,"href":"https:\/\/stokkaentreprise.no\/wp1\/wp-json\/wp\/v2\/users\/1"}],"replies":[{"embeddable":true,"href":"https:\/\/stokkaentreprise.no\/wp1\/wp-json\/wp\/v2\/comments?post=654"}],"version-history":[{"count":16,"href":"https:\/\/stokkaentreprise.no\/wp1\/wp-json\/wp\/v2\/pages\/654\/revisions"}],"predecessor-version":[{"id":797,"href":"https:\/\/stokkaentreprise.no\/wp1\/wp-json\/wp\/v2\/pages\/654\/revisions\/797"}],"wp:attachment":[{"href":"https:\/\/stokkaentreprise.no\/wp1\/wp-json\/wp\/v2\/media?parent=654"}],"curies":[{"name":"wp","href":"https:\/\/api.w.org\/{rel}","templated":true}]}}